{"id":256,"date":"2020-11-16T00:36:51","date_gmt":"2020-11-15T23:36:51","guid":{"rendered":"https:\/\/papogio.space\/?page_id=256"},"modified":"2021-10-11T03:26:54","modified_gmt":"2021-10-11T01:26:54","slug":"la-famille","status":"publish","type":"page","link":"https:\/\/papogio.space\/?page_id=256","title":{"rendered":"La Famille"},"content":{"rendered":"\t\t<div data-elementor-type=\"wp-page\" data-elementor-id=\"256\" class=\"elementor elementor-256\">\n\t\t\t\t\t\t\t\t\t<section class=\"elementor-section elementor-top-section elementor-element elementor-element-3b34f73 elementor-section-full_width elementor-hidden-desktop elementor-hidden-tablet elementor-hidden-mobile elementor-section-height-default elementor-section-height-default\" data-id=\"3b34f73\" data-element_type=\"section\" data-settings=\"{&quot;background_background&quot;:&quot;classic&quot;}\">\n\t\t\t\t\t\t<div class=\"elementor-container elementor-column-gap-default\">\n\t\t\t\t\t<div class=\"elementor-column elementor-col-100 elementor-top-column elementor-element elementor-element-3e2a8e1\" data-id=\"3e2a8e1\" data-element_type=\"column\">\n\t\t\t<div class=\"elementor-widget-wrap elementor-element-populated\">\n\t\t\t\t\t\t\t\t<div class=\"elementor-element elementor-element-d9b2a9b elementor-widget-divider--view-line elementor-widget elementor-widget-divider\" data-id=\"d9b2a9b\" data-element_type=\"widget\" data-widget_type=\"divider.default\">\n\t\t\t\t<div class=\"elementor-widget-container\">\n\t\t\t\t\t<div class=\"elementor-divider\">\n\t\t\t<span class=\"elementor-divider-separator\">\n\t\t\t\t\t\t<\/span>\n\t\t<\/div>\n\t\t\t\t<\/div>\n\t\t\t\t<\/div>\n\t\t\t\t\t<\/div>\n\t\t<\/div>\n\t\t\t\t\t\t\t<\/div>\n\t\t<\/section>\n\t\t\t\t<section class=\"elementor-section elementor-top-section elementor-element elementor-element-bcc50e5 elementor-section-height-min-height elementor-section-full_width elementor-section-height-default elementor-section-items-middle\" data-id=\"bcc50e5\" data-element_type=\"section\" data-settings=\"{&quot;background_background&quot;:&quot;classic&quot;}\">\n\t\t\t\t\t\t<div class=\"elementor-container elementor-column-gap-default\">\n\t\t\t\t\t<div class=\"elementor-column elementor-col-100 elementor-top-column elementor-element elementor-element-42ddad8\" data-id=\"42ddad8\" data-element_type=\"column\">\n\t\t\t<div class=\"elementor-widget-wrap elementor-element-populated\">\n\t\t\t\t\t\t\t\t<div class=\"elementor-element elementor-element-3ecbec4 elementor-widget elementor-widget-heading\" data-id=\"3ecbec4\" data-element_type=\"widget\" data-widget_type=\"heading.default\">\n\t\t\t\t<div class=\"elementor-widget-container\">\n\t\t\t<h1 class=\"elementor-heading-title elementor-size-default\">La famille Papogio<\/h1>\t\t<\/div>\n\t\t\t\t<\/div>\n\t\t\t\t<div class=\"elementor-element elementor-element-5918434 elementor-widget elementor-widget-heading\" data-id=\"5918434\" data-element_type=\"widget\" data-widget_type=\"heading.default\">\n\t\t\t\t<div class=\"elementor-widget-container\">\n\t\t\t<h3 class=\"elementor-heading-title elementor-size-default\">Blood is thicker than water\n<\/h3>\t\t<\/div>\n\t\t\t\t<\/div>\n\t\t\t\t\t<\/div>\n\t\t<\/div>\n\t\t\t\t\t\t\t<\/div>\n\t\t<\/section>\n\t\t\t\t<section class=\"elementor-section elementor-top-section elementor-element elementor-element-6273eb29 elementor-section-content-middle elementor-section-boxed elementor-section-height-default elementor-section-height-default\" data-id=\"6273eb29\" data-element_type=\"section\" data-settings=\"{&quot;background_background&quot;:&quot;classic&quot;}\">\n\t\t\t\t\t\t<div class=\"elementor-container elementor-column-gap-no\">\n\t\t\t\t\t<div class=\"elementor-column elementor-col-100 elementor-top-column elementor-element elementor-element-39fa831\" data-id=\"39fa831\" data-element_type=\"column\" data-settings=\"{&quot;background_background&quot;:&quot;classic&quot;}\">\n\t\t\t<div class=\"elementor-widget-wrap elementor-element-populated\">\n\t\t\t\t\t\t\t\t<section class=\"elementor-section elementor-inner-section elementor-element elementor-element-8ea608e elementor-section-boxed elementor-section-height-default elementor-section-height-default\" data-id=\"8ea608e\" data-element_type=\"section\">\n\t\t\t\t\t\t<div class=\"elementor-container elementor-column-gap-default\">\n\t\t\t\t\t<div class=\"elementor-column elementor-col-50 elementor-inner-column elementor-element elementor-element-772f50d\" data-id=\"772f50d\" data-element_type=\"column\">\n\t\t\t<div class=\"elementor-widget-wrap elementor-element-populated\">\n\t\t\t\t\t\t\t\t<div class=\"elementor-element elementor-element-0b89dbe elementor-position-left elementor-vertical-align-middle elementor-widget elementor-widget-image-box\" data-id=\"0b89dbe\" data-element_type=\"widget\" data-widget_type=\"image-box.default\">\n\t\t\t\t<div class=\"elementor-widget-container\">\n\t\t\t<div class=\"elementor-image-box-wrapper\"><figure class=\"elementor-image-box-img\"><img src=\"https:\/\/papogio.space\/wp-content\/uploads\/elementor\/thumbs\/hvhjgvyhj-ozhdyg2rm6lvn28ragwz516wpltoq1n1032uloj6hs.jpg\" title=\"rhdr\" alt=\"rhdr\" loading=\"lazy\" \/><\/figure><div class=\"elementor-image-box-content\"><h3 class=\"elementor-image-box-title\">Charles<\/h3><p class=\"elementor-image-box-description\">AMBITIEUx<\/p><\/div><\/div>\t\t<\/div>\n\t\t\t\t<\/div>\n\t\t\t\t<div class=\"elementor-element elementor-element-d795ed5 elementor-widget elementor-widget-text-editor\" data-id=\"d795ed5\" data-element_type=\"widget\" data-widget_type=\"text-editor.default\">\n\t\t\t\t<div class=\"elementor-widget-container\">\n\t\t\t\t\t\t\t<p>Aventurier dans l&rsquo;\u00e2me, cr\u00e9atif, perfectionniste et pers\u00e9v\u00e9rant. Je suis motiv\u00e9 par le go\u00fbt des d\u00e9fis depuis mon plus jeune \u00e2ge, ce projet en est un et je vous propose d&#8217;embarquer \u00e0 la d\u00e9couverte de notre univers.\u00a0<\/p>\t\t\t\t\t\t<\/div>\n\t\t\t\t<\/div>\n\t\t\t\t\t<\/div>\n\t\t<\/div>\n\t\t\t\t<div class=\"elementor-column elementor-col-50 elementor-inner-column elementor-element elementor-element-a9a0ad3\" data-id=\"a9a0ad3\" data-element_type=\"column\">\n\t\t\t<div class=\"elementor-widget-wrap elementor-element-populated\">\n\t\t\t\t\t\t\t\t<div class=\"elementor-element elementor-element-301958f elementor-position-left elementor-vertical-align-middle elementor-widget elementor-widget-image-box\" data-id=\"301958f\" data-element_type=\"widget\" data-widget_type=\"image-box.default\">\n\t\t\t\t<div class=\"elementor-widget-container\">\n\t\t\t<div class=\"elementor-image-box-wrapper\"><figure class=\"elementor-image-box-img\"><img src=\"https:\/\/papogio.space\/wp-content\/uploads\/elementor\/thumbs\/1997_IleDeRe_portrait-ozha3jhdnkgfxk0eefdqo32ofqgz8a70kkfphmhm00.jpg\" title=\"1997_IleDeR\u00e9_portrait\" alt=\"1997_IleDeR\u00e9_portrait\" loading=\"lazy\" \/><\/figure><div class=\"elementor-image-box-content\"><h3 class=\"elementor-image-box-title\">Marylou <\/h3><p class=\"elementor-image-box-description\">R\u00eaveuse<\/p><\/div><\/div>\t\t<\/div>\n\t\t\t\t<\/div>\n\t\t\t\t<div class=\"elementor-element elementor-element-31b49f5 elementor-widget elementor-widget-text-editor\" data-id=\"31b49f5\" data-element_type=\"widget\" data-widget_type=\"text-editor.default\">\n\t\t\t\t<div class=\"elementor-widget-container\">\n\t\t\t\t\t\t\t<p>Rigoureuse, \u00e0 l&rsquo;\u00e9coute, d\u00e9termin\u00e9e, travailleuse inv\u00e9t\u00e9r\u00e9e, j&rsquo;ai le souci du d\u00e9tail. Vous l&rsquo;aurez compris je vise l&rsquo;excellence \u00e0 travers cette aventure et je compte bien conqu\u00e9rir les esprits. Ah oui, si on devait m&rsquo;attribuer un d\u00e9faut ce serait mon inconscience.<\/p>\t\t\t\t\t\t<\/div>\n\t\t\t\t<\/div>\n\t\t\t\t\t<\/div>\n\t\t<\/div>\n\t\t\t\t\t\t\t<\/div>\n\t\t<\/section>\n\t\t\t\t<section class=\"elementor-section elementor-inner-section elementor-element elementor-element-3783957e elementor-section-boxed elementor-section-height-default elementor-section-height-default\" data-id=\"3783957e\" data-element_type=\"section\">\n\t\t\t\t\t\t<div class=\"elementor-container elementor-column-gap-default\">\n\t\t\t\t\t<div class=\"elementor-column elementor-col-50 elementor-inner-column elementor-element elementor-element-703fa539\" data-id=\"703fa539\" data-element_type=\"column\">\n\t\t\t<div class=\"elementor-widget-wrap elementor-element-populated\">\n\t\t\t\t\t\t\t\t<div class=\"elementor-element elementor-element-73d96366 elementor-position-left elementor-vertical-align-middle elementor-widget elementor-widget-image-box\" data-id=\"73d96366\" data-element_type=\"widget\" data-widget_type=\"image-box.default\">\n\t\t\t\t<div class=\"elementor-widget-container\">\n\t\t\t<div class=\"elementor-image-box-wrapper\"><figure class=\"elementor-image-box-img\"><img src=\"https:\/\/papogio.space\/wp-content\/uploads\/elementor\/thumbs\/loup-ozgz9sohvkxby84x8ghnaxp595h0mbxpbieuwad7z4.png\" title=\"loup\" alt=\"loup\" loading=\"lazy\" \/><\/figure><div class=\"elementor-image-box-content\"><h3 class=\"elementor-image-box-title\">Looping<\/h3><p class=\"elementor-image-box-description\">Chef de meute<\/p><\/div><\/div>\t\t<\/div>\n\t\t\t\t<\/div>\n\t\t\t\t<div class=\"elementor-element elementor-element-3e93ac6c elementor-widget elementor-widget-text-editor\" data-id=\"3e93ac6c\" data-element_type=\"widget\" data-widget_type=\"text-editor.default\">\n\t\t\t\t<div class=\"elementor-widget-container\">\n\t\t\t\t\t\t\t<p>De nature joueur, t\u00e9tu, aboyeur, c\u00e2lin, j&rsquo;aime particuli\u00e8rement chasser le gibier, seul probl\u00e8me : je reviens toujours bredouille !\u00a0 Je participe \u00e9galement \u00e0 la bonne humeur quotidienne de P\u00f4pa et M\u00f4man en rentrant \u00e0 la maison apr\u00e8s un bon bain de boue !\u00a0<\/p>\t\t\t\t\t\t<\/div>\n\t\t\t\t<\/div>\n\t\t\t\t\t<\/div>\n\t\t<\/div>\n\t\t\t\t<div class=\"elementor-column elementor-col-50 elementor-inner-column elementor-element elementor-element-49d2a2e8\" data-id=\"49d2a2e8\" data-element_type=\"column\">\n\t\t\t<div class=\"elementor-widget-wrap elementor-element-populated\">\n\t\t\t\t\t\t\t\t<div class=\"elementor-element elementor-element-23a65ec elementor-position-left elementor-vertical-align-middle elementor-widget elementor-widget-image-box\" data-id=\"23a65ec\" data-element_type=\"widget\" data-widget_type=\"image-box.default\">\n\t\t\t\t<div class=\"elementor-widget-container\">\n\t\t\t<div class=\"elementor-image-box-wrapper\"><figure class=\"elementor-image-box-img\"><img src=\"https:\/\/papogio.space\/wp-content\/uploads\/elementor\/thumbs\/20200516_160702-scaled-ozgzg0e325fkpf3yy56usd8umuudialti9of455iu8.jpg\" title=\"20200516_160702\" alt=\"20200516_160702\" loading=\"lazy\" \/><\/figure><div class=\"elementor-image-box-content\"><h3 class=\"elementor-image-box-title\">Pyro <\/h3><p class=\"elementor-image-box-description\">bras droit <\/p><\/div><\/div>\t\t<\/div>\n\t\t\t\t<\/div>\n\t\t\t\t<div class=\"elementor-element elementor-element-32f0585a elementor-widget elementor-widget-text-editor\" data-id=\"32f0585a\" data-element_type=\"widget\" data-widget_type=\"text-editor.default\">\n\t\t\t\t<div class=\"elementor-widget-container\">\n\t\t\t\t\t\t\t<p>Je me pr\u00e9sente : 50cm au garrot, 25Kg, couleur feu, ne vous fiez pas \u00e0 ma petite taille je sais me faire respecter! J&rsquo;aime entrainer mon grand fr\u00e8re dans l&rsquo;\u00e9laboration de mes b\u00e9tises. Je suis le dernier de la famille, ce qui se traduit par \u00ab\u00a0je fais pratiquement tout ce que je veux\u00a0\u00bb.\u00a0<\/p>\t\t\t\t\t\t<\/div>\n\t\t\t\t<\/div>\n\t\t\t\t\t<\/div>\n\t\t<\/div>\n\t\t\t\t\t\t\t<\/div>\n\t\t<\/section>\n\t\t\t\t\t<\/div>\n\t\t<\/div>\n\t\t\t\t\t\t\t<\/div>\n\t\t<\/section>\n\t\t\t\t<section class=\"elementor-section elementor-top-section elementor-element elementor-element-25c9f06 elementor-section-boxed elementor-section-height-default elementor-section-height-default\" data-id=\"25c9f06\" data-element_type=\"section\">\n\t\t\t\t\t\t<div class=\"elementor-container elementor-column-gap-default\">\n\t\t\t\t\t<div class=\"elementor-column elementor-col-100 elementor-top-column elementor-element elementor-element-7ce8b3d\" data-id=\"7ce8b3d\" data-element_type=\"column\">\n\t\t\t<div class=\"elementor-widget-wrap elementor-element-populated\">\n\t\t\t\t\t\t\t\t<div class=\"elementor-element elementor-element-6e7f006 elementor-widget elementor-widget-menu-anchor\" data-id=\"6e7f006\" data-element_type=\"widget\" data-widget_type=\"menu-anchor.default\">\n\t\t\t\t<div class=\"elementor-widget-container\">\n\t\t\t\t\t<div id=\"histoire\" class=\"elementor-menu-anchor\"><\/div>\n\t\t\t\t<\/div>\n\t\t\t\t<\/div>\n\t\t\t\t\t<\/div>\n\t\t<\/div>\n\t\t\t\t\t\t\t<\/div>\n\t\t<\/section>\n\t\t\t\t<section class=\"elementor-section elementor-top-section elementor-element elementor-element-6fffd6e elementor-hidden-tablet elementor-section-boxed elementor-section-height-default elementor-section-height-default\" data-id=\"6fffd6e\" data-element_type=\"section\" data-settings=\"{&quot;background_background&quot;:&quot;classic&quot;}\">\n\t\t\t\t\t\t<div class=\"elementor-container elementor-column-gap-default\">\n\t\t\t\t\t<div class=\"elementor-column elementor-col-100 elementor-top-column elementor-element elementor-element-78f0940\" data-id=\"78f0940\" data-element_type=\"column\" data-settings=\"{&quot;background_background&quot;:&quot;classic&quot;}\">\n\t\t\t<div class=\"elementor-widget-wrap elementor-element-populated\">\n\t\t\t\t\t\t\t\t<div class=\"elementor-element elementor-element-5c13d2a elementor-widget elementor-widget-text-editor\" data-id=\"5c13d2a\" data-element_type=\"widget\" data-widget_type=\"text-editor.default\">\n\t\t\t\t<div class=\"elementor-widget-container\">\n\t\t\t\t\t\t\t<p>Notre histoire<\/p>\t\t\t\t\t\t<\/div>\n\t\t\t\t<\/div>\n\t\t\t\t\t<\/div>\n\t\t<\/div>\n\t\t\t\t\t\t\t<\/div>\n\t\t<\/section>\n\t\t\t\t<section class=\"elementor-section elementor-top-section elementor-element elementor-element-6d11d9a elementor-hidden-tablet elementor-hidden-mobile elementor-section-boxed elementor-section-height-default elementor-section-height-default\" data-id=\"6d11d9a\" data-element_type=\"section\">\n\t\t\t\t\t\t<div class=\"elementor-container elementor-column-gap-default\">\n\t\t\t\t\t<div class=\"elementor-column elementor-col-50 elementor-top-column elementor-element elementor-element-5f19356\" data-id=\"5f19356\" data-element_type=\"column\" data-settings=\"{&quot;background_background&quot;:&quot;classic&quot;}\">\n\t\t\t<div class=\"elementor-widget-wrap elementor-element-populated\">\n\t\t\t\t\t\t\t\t<div class=\"elementor-element elementor-element-e95c32e elementor-hidden-tablet elementor-hidden-mobile elementor-widget elementor-widget-image\" data-id=\"e95c32e\" data-element_type=\"widget\" data-widget_type=\"image.default\">\n\t\t\t\t<div class=\"elementor-widget-container\">\n\t\t\t\t\t\t\t\t\t\t\t\t\t\t\t<img width=\"1024\" height=\"836\" src=\"https:\/\/papogio.space\/wp-content\/uploads\/2020\/12\/nous-1024x836.jpg\" class=\"attachment-large size-large wp-image-769\" alt=\"\" loading=\"lazy\" srcset=\"https:\/\/papogio.space\/wp-content\/uploads\/2020\/12\/nous-1024x836.jpg 1024w, https:\/\/papogio.space\/wp-content\/uploads\/2020\/12\/nous-scaled-1920x1568.jpg 1920w, https:\/\/papogio.space\/wp-content\/uploads\/2020\/12\/nous-300x245.jpg 300w, https:\/\/papogio.space\/wp-content\/uploads\/2020\/12\/nous-768x627.jpg 768w, https:\/\/papogio.space\/wp-content\/uploads\/2020\/12\/nous-1536x1254.jpg 1536w, https:\/\/papogio.space\/wp-content\/uploads\/2020\/12\/nous-2048x1672.jpg 2048w, https:\/\/papogio.space\/wp-content\/uploads\/2020\/12\/nous-100x82.jpg 100w, https:\/\/papogio.space\/wp-content\/uploads\/2020\/12\/nous-150x122.jpg 150w, https:\/\/papogio.space\/wp-content\/uploads\/2020\/12\/nous-200x163.jpg 200w, https:\/\/papogio.space\/wp-content\/uploads\/2020\/12\/nous-450x367.jpg 450w, https:\/\/papogio.space\/wp-content\/uploads\/2020\/12\/nous-600x490.jpg 600w, https:\/\/papogio.space\/wp-content\/uploads\/2020\/12\/nous-900x735.jpg 900w\" sizes=\"(max-width: 1024px) 100vw, 1024px\" \/>\t\t\t\t\t\t\t\t\t\t\t\t\t\t\t<\/div>\n\t\t\t\t<\/div>\n\t\t\t\t\t<\/div>\n\t\t<\/div>\n\t\t\t\t<div class=\"elementor-column elementor-col-50 elementor-top-column elementor-element elementor-element-a7a9cb2\" data-id=\"a7a9cb2\" data-element_type=\"column\" data-settings=\"{&quot;background_background&quot;:&quot;classic&quot;}\">\n\t\t\t<div class=\"elementor-widget-wrap elementor-element-populated\">\n\t\t\t\t\t\t\t\t<div class=\"elementor-element elementor-element-10a5a3a elementor-widget elementor-widget-text-editor\" data-id=\"10a5a3a\" data-element_type=\"widget\" data-widget_type=\"text-editor.default\">\n\t\t\t\t<div class=\"elementor-widget-container\">\n\t\t\t\t\t\t\t<p>L&rsquo;id\u00e9e de cr\u00e9er notre propre marque a pris naissance au cours de notre relation. De domaine compl\u00e8tement oppos\u00e9 (a\u00e9rospatiale vs sant\u00e9), nous sommes particuli\u00e8rement attentifs (en tout cas beaucoup plus qu&rsquo;avant!) lors de nos d\u00e9penses, que ce soit les fringues, l&rsquo;alimentaire, l&rsquo;ameublement etc.. Notre vision est de consommer responsable et \u00e9quitable. Nous savons que nous ne sommes pas parfaits mais nous nous effor\u00e7ons de faire au mieux, c&rsquo;est une d\u00e9marche qui se construit et se travaille jour apr\u00e8s jour.<\/p><p>Notre logo =&gt; ahhhh il est venu de mani\u00e8re naturelle. Il a \u00e9merg\u00e9 d&rsquo;un surnom affectueux\u00a0 \u00ab\u00a0mon petit pommier\u00a0\u00bb. L&rsquo;id\u00e9e a ensuite \u00e9t\u00e9 couch\u00e9e sur le papier : une pomme (elle) et un perturbateur (moi) gravitant autour. Ce logo symbolise tout simplement notre union mais surtout notre vision en tout point de vue.\u00a0<\/p>\t\t\t\t\t\t<\/div>\n\t\t\t\t<\/div>\n\t\t\t\t\t<\/div>\n\t\t<\/div>\n\t\t\t\t\t\t\t<\/div>\n\t\t<\/section>\n\t\t\t\t<section class=\"elementor-section elementor-top-section elementor-element elementor-element-d1f3547 elementor-hidden-desktop elementor-section-boxed elementor-section-height-default elementor-section-height-default\" data-id=\"d1f3547\" data-element_type=\"section\" data-settings=\"{&quot;background_background&quot;:&quot;classic&quot;}\">\n\t\t\t\t\t\t<div class=\"elementor-container elementor-column-gap-default\">\n\t\t\t\t\t<div class=\"elementor-column elementor-col-100 elementor-top-column elementor-element elementor-element-19ba474\" data-id=\"19ba474\" data-element_type=\"column\" data-settings=\"{&quot;background_background&quot;:&quot;classic&quot;}\">\n\t\t\t<div class=\"elementor-widget-wrap elementor-element-populated\">\n\t\t\t\t\t\t\t\t<div class=\"elementor-element elementor-element-1b2a41a elementor-widget elementor-widget-text-editor\" data-id=\"1b2a41a\" data-element_type=\"widget\" data-widget_type=\"text-editor.default\">\n\t\t\t\t<div class=\"elementor-widget-container\">\n\t\t\t\t\t\t\t<p>Notre histoire<\/p>\t\t\t\t\t\t<\/div>\n\t\t\t\t<\/div>\n\t\t\t\t<div class=\"elementor-element elementor-element-7e7a28f elementor-widget elementor-widget-image\" data-id=\"7e7a28f\" data-element_type=\"widget\" data-widget_type=\"image.default\">\n\t\t\t\t<div class=\"elementor-widget-container\">\n\t\t\t\t\t\t\t\t\t\t\t\t\t\t\t<img width=\"1024\" height=\"836\" src=\"https:\/\/papogio.space\/wp-content\/uploads\/2020\/12\/nous-1024x836.jpg\" class=\"attachment-large size-large wp-image-769\" alt=\"\" loading=\"lazy\" srcset=\"https:\/\/papogio.space\/wp-content\/uploads\/2020\/12\/nous-1024x836.jpg 1024w, https:\/\/papogio.space\/wp-content\/uploads\/2020\/12\/nous-scaled-1920x1568.jpg 1920w, https:\/\/papogio.space\/wp-content\/uploads\/2020\/12\/nous-300x245.jpg 300w, https:\/\/papogio.space\/wp-content\/uploads\/2020\/12\/nous-768x627.jpg 768w, https:\/\/papogio.space\/wp-content\/uploads\/2020\/12\/nous-1536x1254.jpg 1536w, https:\/\/papogio.space\/wp-content\/uploads\/2020\/12\/nous-2048x1672.jpg 2048w, https:\/\/papogio.space\/wp-content\/uploads\/2020\/12\/nous-100x82.jpg 100w, https:\/\/papogio.space\/wp-content\/uploads\/2020\/12\/nous-150x122.jpg 150w, https:\/\/papogio.space\/wp-content\/uploads\/2020\/12\/nous-200x163.jpg 200w, https:\/\/papogio.space\/wp-content\/uploads\/2020\/12\/nous-450x367.jpg 450w, https:\/\/papogio.space\/wp-content\/uploads\/2020\/12\/nous-600x490.jpg 600w, https:\/\/papogio.space\/wp-content\/uploads\/2020\/12\/nous-900x735.jpg 900w\" sizes=\"(max-width: 1024px) 100vw, 1024px\" \/>\t\t\t\t\t\t\t\t\t\t\t\t\t\t\t<\/div>\n\t\t\t\t<\/div>\n\t\t\t\t<div class=\"elementor-element elementor-element-fdaa3d3 elementor-widget elementor-widget-text-editor\" data-id=\"fdaa3d3\" data-element_type=\"widget\" data-widget_type=\"text-editor.default\">\n\t\t\t\t<div class=\"elementor-widget-container\">\n\t\t\t\t\t\t\t<p>L&rsquo;id\u00e9e de cr\u00e9er notre propre marque a pris naissance au cours de notre relation. De domaine compl\u00e8tement oppos\u00e9 (a\u00e9rospatiale vs sant\u00e9), nous sommes particuli\u00e8rement attentifs (en tout cas beaucoup plus qu&rsquo;avant!) lors de nos d\u00e9penses, que ce soit les fringues, l&rsquo;alimentaire, l&rsquo;ameublement etc.. Notre vision est de consommer responsable et \u00e9quitable. Nous savons que nous ne sommes pas parfaits mais nous nous effor\u00e7ons de faire au mieux, c&rsquo;est une d\u00e9marche qui se construit et se travaille jour apr\u00e8s jour.<\/p><p>Notre logo =&gt; ahhhh il est venu de mani\u00e8re naturelle. Il a \u00e9merg\u00e9 d&rsquo;un surnom affectueux\u00a0 \u00ab\u00a0mon petit pommier\u00a0\u00bb. L&rsquo;id\u00e9e a ensuite \u00e9t\u00e9 couch\u00e9e sur le papier : une pomme (elle) et un perturbateur (moi) gravitant autour. Ce logo symbolise tout simplement notre union mais surtout notre vision en tout point de vue.\u00a0<\/p>\t\t\t\t\t\t<\/div>\n\t\t\t\t<\/div>\n\t\t\t\t\t<\/div>\n\t\t<\/div>\n\t\t\t\t\t\t\t<\/div>\n\t\t<\/section>\n\t\t\t\t\t\t\t<\/div>\n\t\t","protected":false},"excerpt":{"rendered":"<p>La famille Papogio Blood is thicker than water Charles AMBITIEUx Aventurier dans l&rsquo;\u00e2me, cr\u00e9atif, perfectionniste et pers\u00e9v\u00e9rant. Je suis motiv\u00e9 par le go\u00fbt des d\u00e9fis depuis mon plus jeune \u00e2ge, ce projet en est un et je vous propose d&#8217;embarquer \u00e0 la d\u00e9couverte de notre univers.\u00a0 Marylou R\u00eaveuse Rigoureuse, \u00e0 l&rsquo;\u00e9coute, d\u00e9termin\u00e9e, travailleuse inv\u00e9t\u00e9r\u00e9e, j&rsquo;ai &hellip;<\/p>\n<p class=\"read-more\"> <a class=\"\" href=\"https:\/\/papogio.space\/?page_id=256\"> <span class=\"screen-reader-text\">La Famille<\/span> Lire la suite\u00a0\u00bb<\/a><\/p>\n","protected":false},"author":1,"featured_media":0,"parent":0,"menu_order":0,"comment_status":"closed","ping_status":"closed","template":"","meta":{"site-sidebar-layout":"default","site-content-layout":"default","ast-main-header-display":"","ast-hfb-above-header-display":"","ast-hfb-below-header-display":"","ast-hfb-mobile-header-display":"","site-post-title":"","ast-breadcrumbs-content":"","ast-featured-img":"","footer-sml-layout":"","theme-transparent-header-meta":"","adv-header-id-meta":"","stick-header-meta":"","header-above-stick-meta":"","header-main-stick-meta":"","header-below-stick-meta":""},"_links":{"self":[{"href":"https:\/\/papogio.space\/index.php?rest_route=\/wp\/v2\/pages\/256"}],"collection":[{"href":"https:\/\/papogio.space\/index.php?rest_route=\/wp\/v2\/pages"}],"about":[{"href":"https:\/\/papogio.space\/index.php?rest_route=\/wp\/v2\/types\/page"}],"author":[{"embeddable":true,"href":"https:\/\/papogio.space\/index.php?rest_route=\/wp\/v2\/users\/1"}],"replies":[{"embeddable":true,"href":"https:\/\/papogio.space\/index.php?rest_route=%2Fwp%2Fv2%2Fcomments&post=256"}],"version-history":[{"count":324,"href":"https:\/\/papogio.space\/index.php?rest_route=\/wp\/v2\/pages\/256\/revisions"}],"predecessor-version":[{"id":3528,"href":"https:\/\/papogio.space\/index.php?rest_route=\/wp\/v2\/pages\/256\/revisions\/3528"}],"wp:attachment":[{"href":"https:\/\/papogio.space\/index.php?rest_route=%2Fwp%2Fv2%2Fmedia&parent=256"}],"curies":[{"name":"wp","href":"https:\/\/api.w.org\/{rel}","templated":true}]}}